{"id":362,"date":"2023-10-06T11:04:49","date_gmt":"2023-10-06T11:04:49","guid":{"rendered":"https:\/\/www.gifted-williamson.94-130-216-58.plesk.page\/?page_id=362"},"modified":"2023-10-09T06:45:06","modified_gmt":"2023-10-09T06:45:06","slug":"impressum","status":"publish","type":"page","link":"https:\/\/www.coreum-circle.de\/index.php\/impressum\/","title":{"rendered":"Impressum"},"content":{"rendered":"\n<h3 class=\"wp-block-heading\">Kontakt:<\/h3>\n\n\n\n<p>Coreum Circle Stiftungsverein e.V. <br>Helmut-Kiesel-Stra\u00dfe 2 <br>64589 Stockstadt am Rhein<\/p>\n\n\n\n<p><a href=\"Tel: 49 6158 6084 0\">Tel: +49 6158 6084 0<\/a>  <br><a href=\"mailto:circle@coreum.de\">circle@coreum.de<\/a><\/p>\n\n\n\n<h3 class=\"wp-block-heading\">Vorstand:<\/h3>\n\n\n\n<p>Olivia Hogenm\u00fcller (Karlsruher Messe- und Kongress GmbH) <br>Bj\u00f6rn Hickmann (Coreum GmbH) <br>Ludwig Vetter (Kiesel GmbH) <br>Robert Piasecki (ROCK.ZONE GmbH) <br>Stefan Sparwel (Kinshofer GmbH)<\/p>\n\n\n\n<h3 class=\"wp-block-heading\">Finanzamt Darmstadt<\/h3>\n\n\n\n<p>Umsatzsteuer-Identifikationsnummer: DE 320 855 229<\/p>\n\n\n\n<h3 class=\"wp-block-heading\">Vertretungsberechtigter Gesch\u00e4ftsf\u00fchrer: <\/h3>\n\n\n\n<p>Kathrin Kiesel, Bj\u00f6rn Hickmann<\/p>\n\n\n\n<h3 class=\"wp-block-heading\">Stiftungssatzung<\/h3>\n\n\n\n<div class=\"wp-block-buttons is-content-justification-left is-layout-flex wp-container-core-buttons-is-layout-fdcfc74e wp-block-buttons-is-layout-flex\">\n<div class=\"wp-block-button\"><a class=\"wp-block-button__link has-background has-text-align-center wp-element-button\" href=\"\/wp-content\/uploads\/2023\/10\/Satzung_CoreumCircle-Aenderungen-Amtsgericht.pdf\" style=\"border-radius:5px;background-color:#002f35\">PDF runterladen<\/a><\/div>\n<\/div>\n","protected":false},"excerpt":{"rendered":"<p>Kontakt: Coreum Circle Stiftungsverein e.V. Helmut-Kiesel-Stra\u00dfe 2 64589 Stockstadt am Rhein Tel: +49 6158 6084 0 circle@coreum.de Vorstand: Olivia Hogenm\u00fcller (Karlsruher Messe- und Kongress GmbH) Bj\u00f6rn Hickmann (Coreum GmbH) Ludwig Vetter (Kiesel GmbH) Robert Piasecki (ROCK.ZONE GmbH) Stefan Sparwel (Kinshofer GmbH) Finanzamt Darmstadt Umsatzsteuer-Identifikationsnummer: DE 320 855 229 Vertretungsberechtigter Gesch\u00e4ftsf\u00fchrer: Kathrin Kiesel, Bj\u00f6rn Hickmann Stiftungssatzung<\/p>\n","protected":false},"author":1,"featured_media":0,"parent":0,"menu_order":0,"comment_status":"closed","ping_status":"closed","template":"","meta":{"inline_featured_image":false,"footnotes":""},"class_list":["post-362","page","type-page","status-publish"],"_links":{"self":[{"href":"https:\/\/www.coreum-circle.de\/index.php\/wp-json\/wp\/v2\/pages\/362","targetHints":{"allow":["GET"]}}],"collection":[{"href":"https:\/\/www.coreum-circle.de\/index.php\/wp-json\/wp\/v2\/pages"}],"about":[{"href":"https:\/\/www.coreum-circle.de\/index.php\/wp-json\/wp\/v2\/types\/page"}],"author":[{"embeddable":true,"href":"https:\/\/www.coreum-circle.de\/index.php\/wp-json\/wp\/v2\/users\/1"}],"replies":[{"embeddable":true,"href":"https:\/\/www.coreum-circle.de\/index.php\/wp-json\/wp\/v2\/comments?post=362"}],"version-history":[{"count":5,"href":"https:\/\/www.coreum-circle.de\/index.php\/wp-json\/wp\/v2\/pages\/362\/revisions"}],"predecessor-version":[{"id":408,"href":"https:\/\/www.coreum-circle.de\/index.php\/wp-json\/wp\/v2\/pages\/362\/revisions\/408"}],"wp:attachment":[{"href":"https:\/\/www.coreum-circle.de\/index.php\/wp-json\/wp\/v2\/media?parent=362"}],"curies":[{"name":"wp","href":"https:\/\/api.w.org\/{rel}","templated":true}]}}