{"id":318,"date":"2023-10-06T08:33:22","date_gmt":"2023-10-06T08:33:22","guid":{"rendered":"https:\/\/www.gifted-williamson.94-130-216-58.plesk.page\/?page_id=318"},"modified":"2023-10-06T11:31:35","modified_gmt":"2023-10-06T11:31:35","slug":"beitrittserklaerung-formular","status":"publish","type":"page","link":"https:\/\/www.coreum-circle.de\/index.php\/beitrittserklaerung-formular\/","title":{"rendered":"Beitrittserkl\u00e4rung-Formular"},"content":{"rendered":"<div class=\"wpforms-container wpforms-container-full wpforms-block wpforms-block-54809901-d60c-4495-8ad5-bac7a063ae45 wpforms-render-modern\" id=\"wpforms-324\"><form id=\"wpforms-form-324\" class=\"wpforms-validate wpforms-form wpforms-ajax-form\" data-formid=\"324\" method=\"post\" enctype=\"multipart\/form-data\" action=\"\/index.php\/wp-json\/wp\/v2\/pages\/318\" data-token=\"1348702c2f8ec84cc49e426600a11958\" data-token-time=\"1775918328\"><noscript class=\"wpforms-error-noscript\">Bitte aktivieren Sie JavaScript in Ihrem Browser, um dieses Formular fertigzustellen.<\/noscript><div id=\"wpforms-error-noscript\" style=\"display: none;\">Bitte aktivieren Sie JavaScript in Ihrem Browser, um dieses Formular fertigzustellen.<\/div><div class=\"wpforms-field-container\"><div id=\"wpforms-324-field_30-container\" class=\"wpforms-field wpforms-field-email\" data-field-id=\"30\"><label class=\"wpforms-field-label\" for=\"wpforms-324-field_30\">Beitrittserkl\u00e4rung f\u00fcr den Coreum Circle Stiftungsverein e.V.<\/label><input type=\"email\" id=\"wpforms-324-field_30\" class=\"wpforms-field-medium\" name=\"wpforms[fields][30]\" spellcheck=\"false\" aria-errormessage=\"wpforms-324-field_30-error\" ><\/div><div id=\"wpforms-324-field_48-container\" class=\"wpforms-field wpforms-field-select wpforms-field-select-style-classic\" data-field-id=\"48\"><label class=\"wpforms-field-label\" for=\"wpforms-324-field_48\">Anrede<\/label><select id=\"wpforms-324-field_48\" class=\"wpforms-field-medium\" name=\"wpforms[fields][48]\"><option value=\"Herr\"  class=\"choice-1 depth-1\"  >Herr<\/option><option value=\"Frau\"  class=\"choice-2 depth-1\"  >Frau<\/option><\/select><\/div><div id=\"wpforms-324-field_38-container\" class=\"wpforms-field wpforms-field-name\" data-field-id=\"38\"><fieldset><legend class=\"wpforms-field-label\">Name <span class=\"wpforms-required-label\" aria-hidden=\"true\">*<\/span><\/legend><div class=\"wpforms-field-row wpforms-field-medium\"><div class=\"wpforms-field-row-block wpforms-first wpforms-one-half\"><input type=\"text\" id=\"wpforms-324-field_38\" class=\"wpforms-field-name-first wpforms-field-required\" name=\"wpforms[fields][38][first]\" aria-errormessage=\"wpforms-324-field_38-error\" required><label for=\"wpforms-324-field_38\" class=\"wpforms-field-sublabel after\">Vorname<\/label><\/div><div class=\"wpforms-field-row-block wpforms-one-half\"><input type=\"text\" id=\"wpforms-324-field_38-last\" class=\"wpforms-field-name-last wpforms-field-required\" name=\"wpforms[fields][38][last]\" aria-errormessage=\"wpforms-324-field_38-last-error\" required><label for=\"wpforms-324-field_38-last\" class=\"wpforms-field-sublabel after\">Nachname<\/label><\/div><\/div><\/fieldset><\/div><div id=\"wpforms-324-field_39-container\" class=\"wpforms-field wpforms-field-name\" data-field-id=\"39\"><label class=\"wpforms-field-label\" for=\"wpforms-324-field_39\">Geburtsdatum  <span class=\"wpforms-required-label\" aria-hidden=\"true\">*<\/span><\/label><input type=\"text\" id=\"wpforms-324-field_39\" class=\"wpforms-field-medium wpforms-field-required\" name=\"wpforms[fields][39]\" aria-errormessage=\"wpforms-324-field_39-error\" required><\/div><div id=\"wpforms-324-field_40-container\" class=\"wpforms-field wpforms-field-name\" data-field-id=\"40\"><label class=\"wpforms-field-label\" for=\"wpforms-324-field_40\">Institution \/ Organistation <span class=\"wpforms-required-label\" aria-hidden=\"true\">*<\/span><\/label><input type=\"text\" id=\"wpforms-324-field_40\" class=\"wpforms-field-medium wpforms-field-required\" name=\"wpforms[fields][40]\" aria-errormessage=\"wpforms-324-field_40-error\" required><\/div><div id=\"wpforms-324-field_41-container\" class=\"wpforms-field wpforms-field-name\" data-field-id=\"41\"><label class=\"wpforms-field-label\" for=\"wpforms-324-field_41\">Branche <span class=\"wpforms-required-label\" aria-hidden=\"true\">*<\/span><\/label><input type=\"text\" id=\"wpforms-324-field_41\" class=\"wpforms-field-medium wpforms-field-required\" name=\"wpforms[fields][41]\" aria-errormessage=\"wpforms-324-field_41-error\" required><\/div><div id=\"wpforms-324-field_43-container\" class=\"wpforms-field wpforms-field-name\" data-field-id=\"43\"><label class=\"wpforms-field-label\" for=\"wpforms-324-field_43\">Stra\u00dfe <span class=\"wpforms-required-label\" aria-hidden=\"true\">*<\/span><\/label><input type=\"text\" id=\"wpforms-324-field_43\" class=\"wpforms-field-medium wpforms-field-required\" name=\"wpforms[fields][43]\" aria-errormessage=\"wpforms-324-field_43-error\" required><\/div><div id=\"wpforms-324-field_42-container\" class=\"wpforms-field wpforms-field-name\" data-field-id=\"42\"><label class=\"wpforms-field-label\" for=\"wpforms-324-field_42\">PLZ <span class=\"wpforms-required-label\" aria-hidden=\"true\">*<\/span><\/label><input type=\"text\" id=\"wpforms-324-field_42\" class=\"wpforms-field-medium wpforms-field-required\" name=\"wpforms[fields][42]\" aria-errormessage=\"wpforms-324-field_42-error\" required><\/div><div id=\"wpforms-324-field_44-container\" class=\"wpforms-field wpforms-field-name\" data-field-id=\"44\"><label class=\"wpforms-field-label\" for=\"wpforms-324-field_44\">Ort <span class=\"wpforms-required-label\" aria-hidden=\"true\">*<\/span><\/label><input type=\"text\" id=\"wpforms-324-field_44\" class=\"wpforms-field-medium wpforms-field-required\" name=\"wpforms[fields][44]\" aria-errormessage=\"wpforms-324-field_44-error\" required><\/div><div id=\"wpforms-324-field_46-container\" class=\"wpforms-field wpforms-field-email\" data-field-id=\"46\"><label class=\"wpforms-field-label\" for=\"wpforms-324-field_46\">E-Mail <span class=\"wpforms-required-label\" aria-hidden=\"true\">*<\/span><\/label><input type=\"email\" id=\"wpforms-324-field_46\" class=\"wpforms-field-medium wpforms-field-required\" name=\"wpforms[fields][46]\" spellcheck=\"false\" aria-errormessage=\"wpforms-324-field_46-error\" required><\/div><div id=\"wpforms-324-field_45-container\" class=\"wpforms-field wpforms-field-name\" data-field-id=\"45\"><label class=\"wpforms-field-label\" for=\"wpforms-324-field_45\">Telefon <span class=\"wpforms-required-label\" aria-hidden=\"true\">*<\/span><\/label><input type=\"text\" id=\"wpforms-324-field_45\" class=\"wpforms-field-medium wpforms-field-required\" name=\"wpforms[fields][45]\" aria-errormessage=\"wpforms-324-field_45-error\" required><\/div><div id=\"wpforms-324-field_37-container\" class=\"wpforms-field wpforms-field-email\" data-field-id=\"37\"><label class=\"wpforms-field-label\" for=\"wpforms-324-field_37\">Beitrittserkl\u00e4rung: Ich unterst\u00fctze die Ziele des Coreum Circle Stiftungsverein e.V. und erkl\u00e4re meinen Breitritt als:  (kopieren)<\/label><input type=\"email\" id=\"wpforms-324-field_37\" class=\"wpforms-field-medium\" name=\"wpforms[fields][37]\" spellcheck=\"false\" aria-errormessage=\"wpforms-324-field_37-error\" ><\/div><div id=\"wpforms-324-field_29-container\" class=\"wpforms-field wpforms-field-select wpforms-field-select-style-classic\" data-field-id=\"29\"><label class=\"wpforms-field-label\" for=\"wpforms-324-field_29\">MITGLIED: Beitr\u00e4ge  <span class=\"wpforms-required-label\" aria-hidden=\"true\">*<\/span><\/label><select id=\"wpforms-324-field_29\" class=\"wpforms-field-medium wpforms-field-required\" name=\"wpforms[fields][29]\" required=\"required\"><option value=\"mit dem Jahresbeitrag von 15\u20ac f\u00fcr Sch\u00fcler, Auszubildende und Studenten\"  class=\"choice-4 depth-1\"  >mit dem Jahresbeitrag von 15\u20ac f\u00fcr Sch\u00fcler, Auszubildende und Studenten<\/option><option value=\"mit dem Jahresbeitrag von 30\u20ac f\u00fcr Erwachsene\"  class=\"choice-1 depth-1\"  >mit dem Jahresbeitrag von 30\u20ac f\u00fcr Erwachsene<\/option><option value=\"ich m\u00f6chte meinen Jahresbeitrag selbst festlegen\"  class=\"choice-2 depth-1\"  >ich m\u00f6chte meinen Jahresbeitrag selbst festlegen<\/option><\/select><\/div><div id=\"wpforms-324-field_31-container\" class=\"wpforms-field wpforms-field-name\" data-field-id=\"31\"><label class=\"wpforms-field-label\" for=\"wpforms-324-field_31\">Ich m\u00f6chte mit diesem Jahresbeitrag Mitglied werden (falls abweichend)<\/label><input type=\"text\" id=\"wpforms-324-field_31\" class=\"wpforms-field-medium\" name=\"wpforms[fields][31]\" aria-errormessage=\"wpforms-324-field_31-error\" ><\/div><div id=\"wpforms-324-field_20-container\" class=\"wpforms-field wpforms-field-number\" data-field-id=\"20\"><label class=\"wpforms-field-label\" for=\"wpforms-324-field_20\">Institutionelles Mitglied: (Unternehmen und Organisationen) <\/label><input type=\"number\" id=\"wpforms-324-field_20\" class=\"wpforms-field-medium\" name=\"wpforms[fields][20]\" placeholder=\"Ich m\u00f6chte mit diesem Jahresbeitrag Mitglied werden (falls \u00fcber 500\u20ac)\" step=\"any\" aria-errormessage=\"wpforms-324-field_20-error\" ><\/div><div id=\"wpforms-324-field_21-container\" class=\"wpforms-field wpforms-field-checkbox\" data-field-id=\"21\"><fieldset><legend class=\"wpforms-field-label\">Zahlungsweise <span class=\"wpforms-required-label\" aria-hidden=\"true\">*<\/span><\/legend><ul id=\"wpforms-324-field_21\" class=\"wpforms-field-required\"><li class=\"choice-3 depth-1\"><input type=\"checkbox\" id=\"wpforms-324-field_21_3\" name=\"wpforms[fields][21][]\" value=\"SEPA*-Lastschriftmandat: Ich erm\u00e4chtige den Coreum Circle Stiftungsverein e.V., Gl\u00e4ubiger-ID DE98630400530921348900, Zahlungen von meinem Konto mittels Lastschrift einzuziehen. Zugleich weise ich mein Kreditinstitut an, die von Coreum Circle auf mein Konto gezogenen Lastschriften einzul\u00f6sen.\" aria-errormessage=\"wpforms-324-field_21_3-error\" required ><label class=\"wpforms-field-label-inline\" for=\"wpforms-324-field_21_3\">SEPA*-Lastschriftmandat: Ich erm\u00e4chtige den Coreum Circle Stiftungsverein e.V., Gl\u00e4ubiger-ID DE98630400530921348900, Zahlungen von meinem Konto mittels Lastschrift einzuziehen. Zugleich weise ich mein Kreditinstitut an, die von Coreum Circle auf mein Konto gezogenen Lastschriften einzul\u00f6sen.<\/label><\/li><\/ul><\/fieldset><\/div><div id=\"wpforms-324-field_36-container\" class=\"wpforms-field wpforms-field-email\" data-field-id=\"36\"><label class=\"wpforms-field-label\" for=\"wpforms-324-field_36\">Hinweis: Ich kann innerhalb von acht Wochen, beginnend mit dem Belastungsdatum, die Erstattung des belasteten Betrages verlangen. Es gelten dabei die mit meinem Kreditinstitut vereinbarten Bedingungen.<\/label><input type=\"email\" id=\"wpforms-324-field_36\" class=\"wpforms-field-medium\" name=\"wpforms[fields][36]\" spellcheck=\"false\" aria-errormessage=\"wpforms-324-field_36-error\" ><\/div><div id=\"wpforms-324-field_33-container\" class=\"wpforms-field wpforms-field-name\" data-field-id=\"33\"><label class=\"wpforms-field-label\" for=\"wpforms-324-field_33\">Kontoinhaber (falls abweichend)<\/label><input type=\"text\" id=\"wpforms-324-field_33\" class=\"wpforms-field-medium\" name=\"wpforms[fields][33]\" aria-errormessage=\"wpforms-324-field_33-error\" ><\/div><div id=\"wpforms-324-field_34-container\" class=\"wpforms-field wpforms-field-name\" data-field-id=\"34\"><label class=\"wpforms-field-label\" for=\"wpforms-324-field_34\">Kreditinstitut<\/label><input type=\"text\" id=\"wpforms-324-field_34\" class=\"wpforms-field-medium\" name=\"wpforms[fields][34]\" aria-errormessage=\"wpforms-324-field_34-error\" ><\/div><div id=\"wpforms-324-field_35-container\" class=\"wpforms-field wpforms-field-name\" data-field-id=\"35\"><label class=\"wpforms-field-label\" for=\"wpforms-324-field_35\">IBAN<\/label><input type=\"text\" id=\"wpforms-324-field_35\" class=\"wpforms-field-medium\" name=\"wpforms[fields][35]\" aria-errormessage=\"wpforms-324-field_35-error\" ><\/div><\/div><!-- .wpforms-field-container --><div class=\"wpforms-submit-container\" ><input type=\"hidden\" name=\"wpforms[id]\" value=\"324\"><input type=\"hidden\" name=\"page_title\" value=\"\"><input type=\"hidden\" name=\"page_url\" value=\"https:\/\/www.coreum-circle.de\/index.php\/wp-json\/wp\/v2\/pages\/318\"><input type=\"hidden\" name=\"url_referer\" value=\"\"><button type=\"submit\" name=\"wpforms[submit]\" id=\"wpforms-submit-324\" class=\"wpforms-submit\" data-alt-text=\"Senden\u2026\" data-submit-text=\"Abschicken\" aria-live=\"assertive\" value=\"wpforms-submit\">Abschicken<\/button><img loading=\"lazy\" decoding=\"async\" src=\"https:\/\/www.coreum-circle.de\/wp-content\/plugins\/wpforms-lite\/assets\/images\/submit-spin.svg\" class=\"wpforms-submit-spinner\" style=\"display: none;\" width=\"26\" height=\"26\" alt=\"Wird geladen\"><\/div><\/form><\/div>  <!-- .wpforms-container -->","protected":false},"excerpt":{"rendered":"","protected":false},"author":1,"featured_media":0,"parent":0,"menu_order":0,"comment_status":"closed","ping_status":"closed","template":"","meta":{"inline_featured_image":false,"footnotes":""},"class_list":["post-318","page","type-page","status-publish"],"_links":{"self":[{"href":"https:\/\/www.coreum-circle.de\/index.php\/wp-json\/wp\/v2\/pages\/318","targetHints":{"allow":["GET"]}}],"collection":[{"href":"https:\/\/www.coreum-circle.de\/index.php\/wp-json\/wp\/v2\/pages"}],"about":[{"href":"https:\/\/www.coreum-circle.de\/index.php\/wp-json\/wp\/v2\/types\/page"}],"author":[{"embeddable":true,"href":"https:\/\/www.coreum-circle.de\/index.php\/wp-json\/wp\/v2\/users\/1"}],"replies":[{"embeddable":true,"href":"https:\/\/www.coreum-circle.de\/index.php\/wp-json\/wp\/v2\/comments?post=318"}],"version-history":[{"count":5,"href":"https:\/\/www.coreum-circle.de\/index.php\/wp-json\/wp\/v2\/pages\/318\/revisions"}],"predecessor-version":[{"id":379,"href":"https:\/\/www.coreum-circle.de\/index.php\/wp-json\/wp\/v2\/pages\/318\/revisions\/379"}],"wp:attachment":[{"href":"https:\/\/www.coreum-circle.de\/index.php\/wp-json\/wp\/v2\/media?parent=318"}],"curies":[{"name":"wp","href":"https:\/\/api.w.org\/{rel}","templated":true}]}}